{"id":776,"date":"2021-05-14T09:27:52","date_gmt":"2021-05-14T07:27:52","guid":{"rendered":"https:\/\/ftfholding.eu\/?page_id=776"},"modified":"2024-05-09T18:22:33","modified_gmt":"2024-05-09T16:22:33","slug":"eszkoz-es-munkairanyitas","status":"publish","type":"page","link":"https:\/\/www.tttsolutions.hu\/?page_id=776","title":{"rendered":"IBM Maximo Visual Inspection Partner"},"content":{"rendered":"<div id=\"pl-776\"  class=\"panel-layout\" ><div id=\"pg-776-0\"  class=\"panel-grid panel-no-style\" ><div id=\"pgc-776-0-0\"  class=\"panel-grid-cell\" ><div id=\"panel-776-0-0-0\" class=\"so-panel widget widget_text panel-first-child panel-last-child\" data-index=\"0\" >\t\t\t<div class=\"textwidget\"><p>Az IBM Maximo Visual Inspection partnerek\u00e9nt a TTT Solutions-nek lehet\u0151s\u00e9ge van arra, hogy kihaszn\u00e1lja az IBM fejlett MI- \u00e9s sz\u00e1m\u00edt\u00f3g\u00e9pes videotechnol\u00f3gi\u00e1j\u00e1t, hogy seg\u00edtse a v\u00e1llalkoz\u00e1sokat az eszk\u00f6z\u00f6k karbantart\u00e1si \u00e9s ellen\u0151rz\u00e9si folyamatainak jav\u00edt\u00e1s\u00e1ban. Az IBM-mel val\u00f3 partners\u00e9g r\u00e9v\u00e9n a TTT Solutions hozz\u00e1f\u00e9r\u00e9st biztos\u00edt a v\u00e1llalkoz\u00e1sok sz\u00e1m\u00e1ra az IBM Maximo Visual Inspection megold\u00e1shoz, amely automatiz\u00e1lhatja \u00e9s egyszer\u0171s\u00edtheti a vizsg\u00e1lati folyamatot, lehet\u0151v\u00e9 t\u00e9ve a v\u00e1llalkoz\u00e1sok sz\u00e1m\u00e1ra, hogy gyorsabban \u00e9s pontosabban \u00e9szlelj\u00e9k az eszk\u00f6zeik hib\u00e1it \u00e9s probl\u00e9m\u00e1it. Az IBM Maximo Visual Inspection partnerek\u00e9nt a TTT Solutions rendelkezik azzal a szak\u00e9rtelemmel, hogy integr\u00e1lja a megold\u00e1st a v\u00e1llalkoz\u00e1sok megl\u00e9v\u0151 rendszereivel \u00e9s folyamataival, biztos\u00edtva a z\u00f6kken\u0151mentes bevezet\u00e9st \u00e9s m\u0171k\u00f6d\u00e9st. Az IBM-mel val\u00f3 egy\u00fcttm\u0171k\u00f6d\u00e9s \u00e9s az IBM Maximo Visual Inspection haszn\u00e1lata sz\u00e1mos el\u0151nnyel j\u00e1r a TTT-megold\u00e1sok sz\u00e1m\u00e1ra, bele\u00e9rtve az IBM technol\u00f3giai platformjaihoz \u00e9s eszk\u00f6zeihez val\u00f3 hozz\u00e1f\u00e9r\u00e9st, a marketing- \u00e9s \u00e9rt\u00e9kes\u00edt\u00e9si t\u00e1mogat\u00e1st, valamint az IBM glob\u00e1lis \u00fcgyf\u00e9l- \u00e9s partnerh\u00e1l\u00f3zat\u00e1nak val\u00f3.<\/p>\n<p>&nbsp;<\/p>\n<p><img loading=\"lazy\" decoding=\"async\" class=\"wp-image-1171 size-large aligncenter\" src=\"https:\/\/www.tttsolutions.hu\/wp-content\/uploads\/2021\/05\/MAXIMO-1024x373.jpg\" alt=\"\" width=\"780\" height=\"284\" srcset=\"https:\/\/www.tttsolutions.hu\/wp-content\/uploads\/2021\/05\/MAXIMO-1024x373.jpg 1024w, https:\/\/www.tttsolutions.hu\/wp-content\/uploads\/2021\/05\/MAXIMO-300x109.jpg 300w, https:\/\/www.tttsolutions.hu\/wp-content\/uploads\/2021\/05\/MAXIMO-768x280.jpg 768w, https:\/\/www.tttsolutions.hu\/wp-content\/uploads\/2021\/05\/MAXIMO-1536x560.jpg 1536w, https:\/\/www.tttsolutions.hu\/wp-content\/uploads\/2021\/05\/MAXIMO.jpg 1920w\" sizes=\"auto, (max-width: 780px) 100vw, 780px\" \/><\/p>\n<\/div>\n\t\t<\/div><\/div><\/div><div id=\"pg-776-1\"  class=\"panel-grid panel-no-style\" ><div id=\"pgc-776-1-0\"  class=\"panel-grid-cell\" ><div id=\"panel-776-1-0-0\" class=\"so-panel widget widget_text panel-first-child panel-last-child\" data-index=\"1\" >\t\t\t<div class=\"textwidget\"><p><img loading=\"lazy\" decoding=\"async\" class=\"alignnone size-full wp-image-19810\" src=\"https:\/\/www.tttsolutions.hu\/wp-content\/uploads\/2021\/12\/IBM_Certificate_TTT-scaled.jpg\" alt=\"\" width=\"2560\" height=\"1978\" srcset=\"https:\/\/www.tttsolutions.hu\/wp-content\/uploads\/2021\/12\/IBM_Certificate_TTT-scaled.jpg 2560w, https:\/\/www.tttsolutions.hu\/wp-content\/uploads\/2021\/12\/IBM_Certificate_TTT-300x232.jpg 300w, https:\/\/www.tttsolutions.hu\/wp-content\/uploads\/2021\/12\/IBM_Certificate_TTT-1024x791.jpg 1024w, https:\/\/www.tttsolutions.hu\/wp-content\/uploads\/2021\/12\/IBM_Certificate_TTT-768x593.jpg 768w, https:\/\/www.tttsolutions.hu\/wp-content\/uploads\/2021\/12\/IBM_Certificate_TTT-1536x1187.jpg 1536w, https:\/\/www.tttsolutions.hu\/wp-content\/uploads\/2021\/12\/IBM_Certificate_TTT-2048x1583.jpg 2048w\" sizes=\"auto, (max-width: 2560px) 100vw, 2560px\" \/><\/p>\n<\/div>\n\t\t<\/div><\/div><\/div><\/div>","protected":false},"excerpt":{"rendered":"<p>Az IBM Maximo Visual Inspection partnerek\u00e9nt a TTT Solutions-nek lehet\u0151s\u00e9ge van arra, hogy kihaszn\u00e1lja az IBM fejlett MI- \u00e9s sz\u00e1m\u00edt\u00f3g\u00e9pes [&hellip;]<\/p>\n","protected":false},"author":2,"featured_media":19810,"parent":0,"menu_order":0,"comment_status":"closed","ping_status":"closed","template":"","meta":{"om_disable_all_campaigns":false,"_monsterinsights_skip_tracking":false,"_monsterinsights_sitenote_active":false,"_monsterinsights_sitenote_note":"","_monsterinsights_sitenote_category":0,"footnotes":""},"class_list":["post-776","page","type-page","status-publish","has-post-thumbnail","hentry"],"aioseo_notices":[],"_links":{"self":[{"href":"https:\/\/www.tttsolutions.hu\/index.php?rest_route=\/wp\/v2\/pages\/776","targetHints":{"allow":["GET"]}}],"collection":[{"href":"https:\/\/www.tttsolutions.hu\/index.php?rest_route=\/wp\/v2\/pages"}],"about":[{"href":"https:\/\/www.tttsolutions.hu\/index.php?rest_route=\/wp\/v2\/types\/page"}],"author":[{"embeddable":true,"href":"https:\/\/www.tttsolutions.hu\/index.php?rest_route=\/wp\/v2\/users\/2"}],"replies":[{"embeddable":true,"href":"https:\/\/www.tttsolutions.hu\/index.php?rest_route=%2Fwp%2Fv2%2Fcomments&post=776"}],"version-history":[{"count":78,"href":"https:\/\/www.tttsolutions.hu\/index.php?rest_route=\/wp\/v2\/pages\/776\/revisions"}],"predecessor-version":[{"id":24585,"href":"https:\/\/www.tttsolutions.hu\/index.php?rest_route=\/wp\/v2\/pages\/776\/revisions\/24585"}],"wp:featuredmedia":[{"embeddable":true,"href":"https:\/\/www.tttsolutions.hu\/index.php?rest_route=\/wp\/v2\/media\/19810"}],"wp:attachment":[{"href":"https:\/\/www.tttsolutions.hu\/index.php?rest_route=%2Fwp%2Fv2%2Fmedia&parent=776"}],"curies":[{"name":"wp","href":"https:\/\/api.w.org\/{rel}","templated":true}]}}